{"id":2172,"date":"2025-11-16T18:28:58","date_gmt":"2025-11-16T18:28:58","guid":{"rendered":"https:\/\/xxs-prematuros.org\/wp2\/?page_id=2172"},"modified":"2025-11-16T22:50:27","modified_gmt":"2025-11-16T22:50:27","slug":"dia-da-prematuridade-2025","status":"publish","type":"page","link":"https:\/\/xxs-prematuros.org\/wp2\/dia-da-prematuridade-2025\/","title":{"rendered":"Dia da prematuridade 2025"},"content":{"rendered":"<div class=\"wp-block-columns is-layout-flex wp-container-core-columns-is-layout-2 wp-block-columns-is-layout-flex\"><div class=\"wp-block-column is-layout-flow wp-block-column-is-layout-flow\" style=\"flex-basis:100%\"><div class=\"wp-block-columns is-layout-flex wp-container-core-columns-is-layout-1 wp-block-columns-is-layout-flex\"><div class=\"wp-block-column is-layout-flow wp-block-column-is-layout-flow\"><figure class=\"wp-block-image size-large\"><img fetchpriority=\"high\" decoding=\"async\" width=\"819\" height=\"1024\" src=\"https:\/\/xxs-prematuros.org\/wp2\/wp-content\/uploads\/2025\/11\/XXS-WPD-for-Social-Media-1-819x1024.png\" alt=\"\" class=\"wp-image-2185\" srcset=\"https:\/\/xxs-prematuros.org\/wp2\/wp-content\/uploads\/2025\/11\/XXS-WPD-for-Social-Media-1-819x1024.png 819w, https:\/\/xxs-prematuros.org\/wp2\/wp-content\/uploads\/2025\/11\/XXS-WPD-for-Social-Media-1-240x300.png 240w, https:\/\/xxs-prematuros.org\/wp2\/wp-content\/uploads\/2025\/11\/XXS-WPD-for-Social-Media-1-768x960.png 768w, https:\/\/xxs-prematuros.org\/wp2\/wp-content\/uploads\/2025\/11\/XXS-WPD-for-Social-Media-1-600x750.png 600w, https:\/\/xxs-prematuros.org\/wp2\/wp-content\/uploads\/2025\/11\/XXS-WPD-for-Social-Media-1.png 1080w\" sizes=\"(max-width: 819px) 100vw, 819px\" \/><\/figure><\/div>\n\n<div class=\"wp-block-column is-layout-flow wp-block-column-is-layout-flow\"><p><strong>Dia Mundial da Prematuridade reconhecido pela OMS: Um apelo global para dar aos beb\u00e9s prematuros um in\u00edcio de vida forte<\/strong><\/p>\n\n<div style=\"height:25px\" aria-hidden=\"true\" class=\"wp-block-spacer\"><\/div>\n\n<p>O Dia Mundial da Prematuridade, comemorado anualmente a 17 de novembro, atingiu um marco hist\u00f3rico em 2025: a Organiza\u00e7\u00e3o Mundial da Sa\u00fade (OMS) adicionou-o formalmente ao calend\u00e1rio da OMS. Este reconhecimento global sublinha a necessidade urgente de abordar o nascimento prematuro como uma prioridade de sa\u00fade p\u00fablica em todo o mundo.<\/p>\n\n<div style=\"height:25px\" aria-hidden=\"true\" class=\"wp-block-spacer\"><\/div>\n\n<p>A campanha deste ano, liderada pela <a href=\"https:\/\/www.gfcni.org\/\">Global Foundation for the Care of Newborn Infants (GFCNI)<\/a>, da qual a <a href=\"https:\/\/xxs-prematuros.org\/wp2\/\">XXS \u2013 Associa\u00e7\u00e3o Portuguesa de Apoio ao Beb\u00e9 Prematuro<\/a> (XXS) faz parte desde a data da sua funda\u00e7\u00e3o em 2008, tem como slogan: <strong>\u201cGaranta aos prematuros come\u00e7os saud\u00e1veis para futuros brilhantes\u201d<\/strong>. Inspirada no tema da OMS &#8220;Healthy Beginnings, Hopeful Futures\u201d, a campanha apela aos governos, sistemas de sa\u00fade e comunidades para que garantam que todos os beb\u00e9s nascidos prematuramente recebam os cuidados e as oportunidades de que precisam para sobreviver e ter um futuro mais promissor.<\/p>\n\n<div style=\"height:25px\" aria-hidden=\"true\" class=\"wp-block-spacer\"><\/div>\n\n<p>Juntamente com parceiros de todo o mundo, a XXS &#8211; Associa\u00e7\u00e3o Portuguesa de Apoio ao Beb\u00e9 Prematuro est\u00e1 a trabalhar para unir fam\u00edlias, profissionais de sa\u00fade e decisores pol\u00edticos na cria\u00e7\u00e3o de solu\u00e7\u00f5es que assegurem cidad\u00e3os saud\u00e1veis desde o nascimento.<\/p>\n\n<div style=\"height:25px\" aria-hidden=\"true\" class=\"wp-block-spacer\"><\/div>\n\n<p><strong>Portugal deve alinhar-se com os European Standards of Care for Newborn Health para garantir o melhor in\u00edcio de vida a todos os beb\u00e9s.<\/strong><br>Todos os anos, <strong>mais de 6.000 beb\u00e9s nascem prematuramente em Portugal<\/strong>. Neste Dia Mundial da Prematuridade, a <strong>XXS<\/strong> apela \u00e0 necessidade de implementa\u00e7\u00e3o, em Portugal, dos <a href=\"https:\/\/newborn-health-standards.org\/\">European Standards of Care for Newborn Health<\/a> desenvolvidos pela European Foundation for the Care of Newborn Infants (agora GFCNI).<\/p>\n\n<div style=\"height:25px\" aria-hidden=\"true\" class=\"wp-block-spacer\"><\/div>\n\n<p>\u201cEstes padr\u00f5es europeus s\u00e3o um guia essencial para garantir que todos os beb\u00e9s, independentemente do local onde nascem, t\u00eam acesso a cuidados de excel\u00eancia, humanizados e centrados na fam\u00edlia,\u201d explica <strong>Paula Guerra<\/strong>, presidente da <strong>XXS<\/strong>.<br>\u201cPortugal tem profissionais extraordin\u00e1rios e unidades neonatais de grande qualidade, mas precisamos de garantir que todos os beb\u00e9s e fam\u00edlias beneficiam das mesmas condi\u00e7\u00f5es, de norte a sul do pa\u00eds.\u201d<\/p><\/div><\/div><\/div><\/div><p><\/p><p><\/p><p><\/p><div style=\"height:25px\" aria-hidden=\"true\" class=\"wp-block-spacer\"><\/div><p><\/p><div style=\"height:25px\" aria-hidden=\"true\" class=\"wp-block-spacer\"><\/div><p>A <a href=\"https:\/\/newborn-health-standards.org\/\">XXS<\/a> constituiu um grupo de trabalho, em parceria com a <a href=\"https:\/\/www.spneonatologia.pt\/\">Sociedade Portuguesa de Neonatologia (SPN)<\/a> e a <a href=\"https:\/\/apepen.pt\/\">Associa\u00e7\u00e3o Portuguesa de Enfermagem Pedi\u00e1trica e Neonatal (APEPEN)<\/a>, para promover a implementa\u00e7\u00e3o dos ESCNH em Portugal.<\/p><div style=\"height:25px\" aria-hidden=\"true\" class=\"wp-block-spacer\"><\/div><p>Este grupo est\u00e1 a coordenar a tradu\u00e7\u00e3o oficial dos mais de <strong>100 Standards Europeus<\/strong>, assegurando junto dos decisores pol\u00edticos, administra\u00e7\u00f5es hospitalares, profissionais de sa\u00fade e pais, todo o conhecimento das melhores pr\u00e1ticas na \u00e1rea da sa\u00fade do rec\u00e9m nascido.<\/p><div style=\"height:25px\" aria-hidden=\"true\" class=\"wp-block-spacer\"><\/div><p>A fase seguinte deste projeto tem como prop\u00f3sito criar uma <strong><em>baseline<\/em> nacional sobre o estado de implementa\u00e7\u00e3o de cada standard<\/strong> dos ESCNH em Portugal, identificar fragilidades e definir <strong>planos de a\u00e7\u00e3o<\/strong> para os pr\u00f3ximos anos.<\/p><div style=\"height:25px\" aria-hidden=\"true\" class=\"wp-block-spacer\"><\/div><p>A XXS tamb\u00e9m tem vindo a promover, junto dos profissionais de sa\u00fade, a <a href=\"https:\/\/nidcapportugal.framer.ai\/#curso-fine\">Forma\u00e7\u00e3o FINE<\/a> do <a href=\"https:\/\/nidcapportugal.framer.ai\/\">NIDCAP Portugal<\/a>, refor\u00e7ando os <strong>cuidados centrados na fam\u00edlia e no desenvolvimento do rec\u00e9m nascido<\/strong>. Este ano, j\u00e1 apoiou a <strong>forma\u00e7\u00e3o de 116 m\u00e9dicos e enfermeiros nas 43 Unidades de Neonatologia do SNS<\/strong>.<\/p><div style=\"height:25px\" aria-hidden=\"true\" class=\"wp-block-spacer\"><\/div><p><strong>\u201cKangaroo Care by XXS\u201d &#8211; O poder terap\u00eautico de um abra\u00e7o<\/strong><br>Nas Unidades de Neonatologia, o <strong>contacto pele-a-pele entre pais e beb\u00e9s prematuros<\/strong> revela-se um gesto de ternura com um <strong>poder profundamente terap\u00eautico<\/strong>&#8230;<\/p><div style=\"height:25px\" aria-hidden=\"true\" class=\"wp-block-spacer\"><\/div><p>At\u00e9 ao final do ano, ser\u00e1 lan\u00e7ado o projeto \u201c<a href=\"https:\/\/xxs-prematuros.org\/wp2\/pnv\/\">Kangaroo Care by XXS<\/a>\u201d, uma iniciativa nacional da XXS que leva o calor do amor e da ci\u00eancia a 43Unidades de Neonatologia de todo o pa\u00eds.<\/p><div style=\"height:25px\" aria-hidden=\"true\" class=\"wp-block-spacer\"><\/div><p>Para que esta pr\u00e1tica essencial possa ser realizada de forma confort\u00e1vel, segura e universal, o projeto \u201c<strong>Kangaroo Care by XXS<\/strong>\u201dir\u00e1 equipar todas as unidades com <strong>cadeir\u00f5es ergon\u00f3micos, bandas canguru e espelhos<\/strong>, tr\u00eas elementos essenciais para garantir conforto e proximidade durante o contacto pele-a-pele.<\/p><div style=\"height:25px\" aria-hidden=\"true\" class=\"wp-block-spacer\"><\/div><p>Al\u00e9m dos materiais f\u00edsicos, foram ainda desenvolvidos <strong>recursos educativos<\/strong> &#8211; brochuras, v\u00eddeos e forma\u00e7\u00f5es &#8211; para apoiar <strong>profissionais de sa\u00fade e pais<\/strong>, guiando-os em cada passo desta pr\u00e1tica que une ci\u00eancia e afeto.<\/p><p><\/p>","protected":false},"excerpt":{"rendered":"<p>Dia Mundial da Prematuridade reconhecido pela OMS: Um apelo global para dar aos beb\u00e9s prematuros um in\u00edcio de vida forte [&hellip;]<\/p>\n","protected":false},"author":1,"featured_media":0,"parent":0,"menu_order":0,"comment_status":"closed","ping_status":"closed","template":"","meta":{"footnotes":""},"class_list":["post-2172","page","type-page","status-publish","hentry"],"_links":{"self":[{"href":"https:\/\/xxs-prematuros.org\/wp2\/wp-json\/wp\/v2\/pages\/2172","targetHints":{"allow":["GET"]}}],"collection":[{"href":"https:\/\/xxs-prematuros.org\/wp2\/wp-json\/wp\/v2\/pages"}],"about":[{"href":"https:\/\/xxs-prematuros.org\/wp2\/wp-json\/wp\/v2\/types\/page"}],"author":[{"embeddable":true,"href":"https:\/\/xxs-prematuros.org\/wp2\/wp-json\/wp\/v2\/users\/1"}],"replies":[{"embeddable":true,"href":"https:\/\/xxs-prematuros.org\/wp2\/wp-json\/wp\/v2\/comments?post=2172"}],"version-history":[{"count":10,"href":"https:\/\/xxs-prematuros.org\/wp2\/wp-json\/wp\/v2\/pages\/2172\/revisions"}],"predecessor-version":[{"id":2187,"href":"https:\/\/xxs-prematuros.org\/wp2\/wp-json\/wp\/v2\/pages\/2172\/revisions\/2187"}],"wp:attachment":[{"href":"https:\/\/xxs-prematuros.org\/wp2\/wp-json\/wp\/v2\/media?parent=2172"}],"curies":[{"name":"wp","href":"https:\/\/api.w.org\/{rel}","templated":true}]}}