{"id":1735,"date":"2024-11-16T18:59:19","date_gmt":"2024-11-16T18:59:19","guid":{"rendered":"https:\/\/xxs-prematuros.org\/wp2\/?page_id=1735"},"modified":"2024-11-16T19:00:24","modified_gmt":"2024-11-16T19:00:24","slug":"celebracoes-do-dia-mundial-da-prematuridade-2024","status":"publish","type":"page","link":"https:\/\/xxs-prematuros.org\/wp2\/celebracoes-do-dia-mundial-da-prematuridade-2024\/","title":{"rendered":"Celebra\u00e7\u00f5es do Dia Mundial da Prematuridade 2024"},"content":{"rendered":"<p>No<strong> Dia Mundial da Prematuridade,<\/strong>&nbsp;a 17 de novembro, a <strong>XXS<\/strong>, em parceria com a Sociedade Portuguesa de Neonatologia (<strong><a href=\"https:\/\/www.spneonatologia.pt\/\" data-type=\"link\" data-id=\"https:\/\/www.spneonatologia.pt\/\" target=\"_blank\" rel=\"noreferrer noopener\">SPN<\/a><\/strong>) e a Associa\u00e7\u00e3o Portuguesa de Enfermagem Pedi\u00e1trica e Neonatal (<strong><a href=\"https:\/\/www.apepen.pt\/\" data-type=\"link\" data-id=\"https:\/\/www.apepen.pt\/\" target=\"_blank\" rel=\"noreferrer noopener\">APEPEN<\/a><\/strong>), juntam-se a um movimento mundial que visa sensibilizar para os 13,4 milh\u00f5es de beb\u00e9s que nascem prematuramente todos os anos. Sob o tema deste ano, \u201c<strong>Acesso a Cuidados Maternos e Neonatais de qualidade em todos os lugares<\/strong>\u201d, esta campanha global sublinha a necessidade urgente de cuidados de sa\u00fade neonatal de elevada qualidade para todos os rec\u00e9m-nascidos, independentemente da sua localiza\u00e7\u00e3o geogr\u00e1fica ou contexto socioecon\u00f3mico.<\/p><div style=\"height:22px\" aria-hidden=\"true\" class=\"wp-block-spacer\"><\/div><p class=\"p1 has-text-color has-link-color wp-elements-b5c133fbc8e4ab4ad65e645c6b6053dd\" style=\"color:#00a9e0\"><b><strong><strong>O Nascimento Prematuro<\/strong><\/strong><\/b><\/p><p>O nascimento prematuro \u00e9, a n\u00edvel mundial, a principal causa de morte de crian\u00e7as com menos de cinco anos. Em Portugal, a taxa de prematuridade \u00e9 de cerca de 8% e, apesar dos avan\u00e7os, as unidades neonatais ainda enfrentam desafios graves \u2013 falta de recursos humanos, insufici\u00eancia de infraestruturas adequadas e equipamento, e desigualdade no acesso a apoio cont\u00ednuo para as fam\u00edlias.<\/p><div style=\"height:22px\" aria-hidden=\"true\" class=\"wp-block-spacer\"><\/div><p class=\"has-text-color has-link-color wp-elements-32171363decda5af1e4867166a7247d0\" style=\"color:#00a9e0\"><strong><strong><strong>Um Compromisso Inadi\u00e1vel: Assegurar Cuidados Neonatais Justos e Equitativos<\/strong><\/strong><\/strong><\/p><p>\u201cO Dia Mundial da Prematuridade 2024, pelo que representa, \u00e9 a oportunidade para a comunidade se unir e <strong>exigir, no nosso pa\u00eds, compromissos que assegurem condi\u00e7\u00f5es adequadas e cuidados de qualidade centrados na crian\u00e7a e na fam\u00edlia, <\/strong>garantindo que cada vida seja valorizada e que todos os beb\u00e9s que nascem cedo demais e as suas fam\u00edlias encontrem todo o apoio neste momento t\u00e3o desafiador.\u201d, afirma Paula Guerra, Presidente da XXS.<\/p><div style=\"height:22px\" aria-hidden=\"true\" class=\"wp-block-spacer\"><\/div><p class=\"has-text-color has-link-color wp-elements-158a110e8d056f55bdf3aee641bf8a5f\" style=\"color:#00a9e0\"><strong><strong>Portugal: A Urg\u00eancia de A\u00e7\u00f5es Concretas para Cuidados Neonatais de Qualidade<\/strong><\/strong><\/p><p>Em Portugal, a proximidade deste dia refor\u00e7a a urg\u00eancia de mudan\u00e7as e de se abordar as condi\u00e7\u00f5es inadequadas que comprometem os cuidados neonatais no nosso pa\u00eds. O tema deste ano impulsiona- nos a agir localmente para assegurar que os stakeholders nacionais, incluindo os l\u00edderes de sa\u00fade e os decisores pol\u00edticos, promovem o bem-estar dos beb\u00e9s prematuros e das suas fam\u00edlias, e que os nossos hospitais e unidades locais de sa\u00fade est\u00e3o preparados para responder aos desafios da prematuridade. Em parceria com a SPN e a APEPEN, destacamos algumas das nossas principais reivindica\u00e7\u00f5es para o contexto nacional: <br>\u2022 <strong>Separa\u00e7\u00e3o Zero entre Pais e Beb\u00e9s:<\/strong> Solicitamos que os hospitais ofere\u00e7am condi\u00e7\u00f5es para que todos os pais possam permanecer, se for essa a sua vontade, 24 horas\/ 7 dias por semana junto dos seus beb\u00e9s, favorecendo uma pr\u00e1tica de cuidados centrada na fam\u00edlia. <br>\u2022 <strong>Infraestruturas Apropriadas:<\/strong> \u00c9 imperativo que as novas unidades hospitalares previstas em Portugal sigam padr\u00f5es rigorosos de design para unidades neonatais, incluindo \u00e1reas dedicadas aos Cuidados Centrados na Crian\u00e7a e na Fam\u00edlia, e quartos de prepara\u00e7\u00e3o da alta hospitalar e de luto. <br>\u2022 <strong>Forma\u00e7\u00e3o e Recrutamento de Profissionais de Sa\u00fade Especializados:<\/strong> A escassez de neonatologistas e enfermeiros com forma\u00e7\u00e3o espec\u00edfica compromete a qualidade dos cuidados. <br>\u2022 <strong>Apoio Psicol\u00f3gico e Forma\u00e7\u00e3o para Pais:<\/strong> A presen\u00e7a de suporte emocional e a forma\u00e7\u00e3o pr\u00e1tica para os pais devem ser asseguradas em todas as unidades. <br>\u2022 <strong>Equipamentos e Tecnologias Avan\u00e7adas:<\/strong> Cada unidade neonatal deve estar equipada com tecnologias de ponta que ofere\u00e7am as melhores oportunidades de sobreviv\u00eancia e qualidade de vida aos beb\u00e9s que nascem cedo demais ou doentes. <br>\u2022 <strong>Investimento em Investiga\u00e7\u00e3o e Preven\u00e7\u00e3o da Prematuridade:<\/strong> \u00c9 essencial que Portugal invista tanto na preven\u00e7\u00e3o de nascimentos prematuros, quanto na pesquisa de novas solu\u00e7\u00f5es para melhorar os cuidados neonatais. <br>\u2022 <strong>Envolvimento das Associa\u00e7\u00f5es:<\/strong> As associa\u00e7\u00f5es devem ser inclu\u00eddas em grupos de discuss\u00e3o sobre pol\u00edticas de sa\u00fade materna e neonatal.<\/p><div style=\"height:22px\" aria-hidden=\"true\" class=\"wp-block-spacer\"><\/div><p class=\"has-text-color has-link-color wp-elements-e9b99c14f95b7ca229fe3c37f786d8f6\" style=\"color:#00a9e0\"><strong><strong><strong>Objetivos Centrais do Dia Mundial da Prematuridade 2024:<\/strong><\/strong><\/strong><\/p><p>\u2022 <strong>Sensibilizar para o impacto do nascimento prematuro<\/strong> nas fam\u00edlias e nos sistemas de sa\u00fade, promovendo uma sociedade informada e proativa. <br>\u2022 <strong>Promover mudan\u00e7as pol\u00edticas<\/strong> que assegurem o acesso equitativo a cuidados de sa\u00fade neonatal de qualidade, onde quer que um beb\u00e9 nas\u00e7a. <br>\u2022 <strong>Fortalecer a capacita\u00e7\u00e3o dos profissionais de sa\u00fade<\/strong> que diariamente salvam vidas e lutam por melhores resultados nos cuidados aos beb\u00e9s prematuros. <br>\u2022<strong> Celebrar a resili\u00eancia dos beb\u00e9s prematuros e das suas fam\u00edlias,<\/strong> enquanto recordamos os que perderam a vida devido a complica\u00e7\u00f5es evit\u00e1veis.<\/p><p>O movimento pelo Dia Mundial da Prematuridade, que desde 2008 re\u00fane milh\u00f5es de pessoas, continuar\u00e1 a crescer at\u00e9 que a prematuridade e as suas consequ\u00eancias sejam enfrentadas com o rigor e o apoio que as vidas destes beb\u00e9s e das suas fam\u00edlias merecem.<\/p><div style=\"height:22px\" aria-hidden=\"true\" class=\"wp-block-spacer\"><\/div><p class=\"has-text-color has-link-color wp-elements-5d668e69472d97cb6dd60a330ef2b571\" style=\"color:#00a9e0\"><strong><strong><strong><strong>Sobre a XXS e o Dia Mundial da Prematuridade<\/strong><\/strong><\/strong><\/strong><\/p><div class=\"wp-block-group is-nowrap is-layout-flex wp-container-core-group-is-layout-1 wp-block-group-is-layout-flex\"><p>A <strong>XXS \u2013 Associa\u00e7\u00e3o Portuguesa de Apoio ao Beb\u00e9 Prematuro<\/strong> \u00e9 uma organiza\u00e7\u00e3o dedicada a apoiar os beb\u00e9s prematuros e as suas fam\u00edlias em Portugal. Em parceria com institui\u00e7\u00f5es como a <strong>SPN<\/strong> e a <strong>APEPEN<\/strong>, a <strong>XXS<\/strong> continua a lutar por melhores condi\u00e7\u00f5es de sa\u00fade e apoio \u00e0 fam\u00edlia. Criado pela <strong>European Foundation for the Care of Newborn Infants<\/strong>, da qual a <strong>XXS<\/strong> faz parte, o Dia Mundial da Prematuridade \u00e9 uma data que simboliza a luta de mais de 100 pa\u00edses e de largos milh\u00f5es de pessoas, e a esperan\u00e7a de que todos os beb\u00e9s tenham uma possibilidade justa de sobreviver e prosperar.<\/p>\n\n<div style=\"height:60px;width:0px\" aria-hidden=\"true\" class=\"wp-block-spacer wp-container-content-1\"><\/div><\/div><div style=\"height:60px\" aria-hidden=\"true\" class=\"wp-block-spacer\"><\/div>","protected":false},"excerpt":{"rendered":"<p>No Dia Mundial da Prematuridade,&nbsp;a 17 de novembro, a XXS, em parceria com a Sociedade Portuguesa de Neonatologia (SPN) e [&hellip;]<\/p>\n","protected":false},"author":1,"featured_media":0,"parent":0,"menu_order":0,"comment_status":"closed","ping_status":"closed","template":"","meta":{"footnotes":""},"class_list":["post-1735","page","type-page","status-publish","hentry"],"_links":{"self":[{"href":"https:\/\/xxs-prematuros.org\/wp2\/wp-json\/wp\/v2\/pages\/1735","targetHints":{"allow":["GET"]}}],"collection":[{"href":"https:\/\/xxs-prematuros.org\/wp2\/wp-json\/wp\/v2\/pages"}],"about":[{"href":"https:\/\/xxs-prematuros.org\/wp2\/wp-json\/wp\/v2\/types\/page"}],"author":[{"embeddable":true,"href":"https:\/\/xxs-prematuros.org\/wp2\/wp-json\/wp\/v2\/users\/1"}],"replies":[{"embeddable":true,"href":"https:\/\/xxs-prematuros.org\/wp2\/wp-json\/wp\/v2\/comments?post=1735"}],"version-history":[{"count":3,"href":"https:\/\/xxs-prematuros.org\/wp2\/wp-json\/wp\/v2\/pages\/1735\/revisions"}],"predecessor-version":[{"id":1740,"href":"https:\/\/xxs-prematuros.org\/wp2\/wp-json\/wp\/v2\/pages\/1735\/revisions\/1740"}],"wp:attachment":[{"href":"https:\/\/xxs-prematuros.org\/wp2\/wp-json\/wp\/v2\/media?parent=1735"}],"curies":[{"name":"wp","href":"https:\/\/api.w.org\/{rel}","templated":true}]}}